{"id":166,"date":"2024-10-25T11:24:46","date_gmt":"2024-10-25T09:24:46","guid":{"rendered":"https:\/\/atelier-cilou.fr\/?page_id=166"},"modified":"2024-10-25T11:24:46","modified_gmt":"2024-10-25T09:24:46","slug":"presentation-de-moi","status":"publish","type":"page","link":"https:\/\/ateliercilou79.fr\/index.php\/presentation-de-moi\/","title":{"rendered":"Pr\u00e9sentation de moi"},"content":{"rendered":"\n<div class=\"wp-block-group alignfull has-global-padding is-layout-constrained wp-container-core-group-is-layout-2 wp-block-group-is-layout-constrained\" style=\"padding-top:var(--wp--preset--spacing--50);padding-right:var(--wp--preset--spacing--50);padding-bottom:var(--wp--preset--spacing--50);padding-left:var(--wp--preset--spacing--50)\">\n<div class=\"wp-block-group has-global-padding is-layout-constrained wp-container-core-group-is-layout-1 wp-block-group-is-layout-constrained\">\n<h1 class=\"wp-block-heading has-text-align-center has-x-large-font-size\">Qui suis-je ?<\/h1>\n\n\n\n<div style=\"height:1.25rem\" aria-hidden=\"true\" class=\"wp-block-spacer\"><\/div>\n\n\n\n<p class=\"has-text-align-center\">\u00c9tudes est un cabinet pionnier qui fusionne harmonieusement la cr\u00e9ativit\u00e9 et la fonctionnalit\u00e9 pour red\u00e9finir l\u2019excellence architecturale.<\/p>\n\n\n\n<div style=\"height:1.25rem\" aria-hidden=\"true\" class=\"wp-block-spacer\"><\/div>\n<\/div>\n\n\n\n<div style=\"height:var(--wp--preset--spacing--30)\" aria-hidden=\"true\" class=\"wp-block-spacer\"><\/div>\n\n\n\n<figure class=\"wp-block-image alignwide size-full is-style-rounded is-style-rounded--1\"><img decoding=\"async\" src=\"https:\/\/atelier-cilou.fr\/wp-content\/themes\/twentytwentyfour\/assets\/images\/building-exterior.webp\" alt=\"Ext\u00e9rieur du b\u00e2timent \u00e0 Toronto, Canada\"\/><\/figure>\n<\/div>\n\n\n\n<div class=\"wp-block-group alignfull has-base-2-background-color has-background has-global-padding is-layout-constrained wp-container-core-group-is-layout-4 wp-block-group-is-layout-constrained\" style=\"margin-top:0;margin-bottom:0;padding-top:var(--wp--preset--spacing--50);padding-right:var(--wp--preset--spacing--50);padding-bottom:var(--wp--preset--spacing--50);padding-left:var(--wp--preset--spacing--50)\">\n<div class=\"wp-block-group is-vertical is-content-justification-center is-layout-flex wp-container-core-group-is-layout-3 wp-block-group-is-layout-flex\">\n<h2 class=\"wp-block-heading has-text-align-center is-style-asterisk\">Une passion pour la cr\u00e9ation d\u2019espaces<\/h2>\n\n\n\n<div style=\"height:0px\" aria-hidden=\"true\" class=\"wp-block-spacer wp-container-content-1\"><\/div>\n\n\n\n<p class=\"has-text-align-center\">Notre gamme compl\u00e8te de services professionnels s\u2019adresse \u00e0 une client\u00e8le diversifi\u00e9e, allant des propri\u00e9taires aux promotrices ou promoteurs commerciaux.<\/p>\n<\/div>\n\n\n\n<div style=\"margin-top:0;margin-bottom:0;height:var(--wp--preset--spacing--40)\" aria-hidden=\"true\" class=\"wp-block-spacer\"><\/div>\n\n\n\n<div class=\"wp-block-columns alignwide is-layout-flex wp-container-core-columns-is-layout-1 wp-block-columns-is-layout-flex\">\n<div class=\"wp-block-column is-layout-flow wp-container-core-column-is-layout-1 wp-block-column-is-layout-flow\">\n<h3 class=\"wp-block-heading has-text-align-left is-style-asterisk has-body-font-family has-medium-font-size\" style=\"font-style:normal;font-weight:600\">R\u00e9novation et restauration<\/h3>\n\n\n\n<p class=\"has-text-align-left\">D\u00e9couvrez la fusion de l\u2019imagination et de l\u2019expertise avec \u00c9tudes Architectural Solutions.<\/p>\n<\/div>\n\n\n\n<div class=\"wp-block-column is-layout-flow wp-container-core-column-is-layout-2 wp-block-column-is-layout-flow\">\n<h3 class=\"wp-block-heading has-text-align-left is-style-asterisk has-body-font-family has-medium-font-size\" style=\"font-style:normal;font-weight:600\">Support continu<\/h3>\n\n\n\n<p class=\"has-text-align-left\">D\u00e9couvrez la fusion de l\u2019imagination et de l\u2019expertise avec \u00c9tudes Architectural Solutions.<\/p>\n<\/div>\n\n\n\n<div class=\"wp-block-column is-layout-flow wp-container-core-column-is-layout-3 wp-block-column-is-layout-flow\">\n<h3 class=\"wp-block-heading has-text-align-left is-style-asterisk has-body-font-family has-medium-font-size\" style=\"font-style:normal;font-weight:600\">Acc\u00e8s \u00e0 l\u2018application<\/h3>\n\n\n\n<p class=\"has-text-align-left\">D\u00e9couvrez la fusion de l\u2019imagination et de l\u2019expertise avec \u00c9tudes Architectural Solutions.<\/p>\n<\/div>\n<\/div>\n\n\n\n<div style=\"height:var(--wp--preset--spacing--20)\" aria-hidden=\"true\" class=\"wp-block-spacer\"><\/div>\n\n\n\n<div class=\"wp-block-columns alignwide is-layout-flex wp-container-core-columns-is-layout-2 wp-block-columns-is-layout-flex\">\n<div class=\"wp-block-column is-layout-flow wp-container-core-column-is-layout-4 wp-block-column-is-layout-flow\">\n<h3 class=\"wp-block-heading has-text-align-left is-style-asterisk has-body-font-family has-medium-font-size\" style=\"font-style:normal;font-weight:600\">Conseil<\/h3>\n\n\n\n<p class=\"has-text-align-left\">D\u00e9couvrez la fusion de l\u2019imagination et de l\u2019expertise avec \u00c9tudes Architectural Solutions.<\/p>\n<\/div>\n\n\n\n<div class=\"wp-block-column is-layout-flow wp-container-core-column-is-layout-5 wp-block-column-is-layout-flow\">\n<h3 class=\"wp-block-heading has-text-align-left is-style-asterisk has-body-font-family has-medium-font-size\" style=\"font-style:normal;font-weight:600\">Gestion de projet<\/h3>\n\n\n\n<p class=\"has-text-align-left\">D\u00e9couvrez la fusion de l\u2019imagination et de l\u2019expertise avec \u00c9tudes Architectural Solutions.<\/p>\n<\/div>\n\n\n\n<div class=\"wp-block-column is-layout-flow wp-container-core-column-is-layout-6 wp-block-column-is-layout-flow\">\n<h3 class=\"wp-block-heading has-text-align-left is-style-asterisk has-body-font-family has-medium-font-size\" style=\"font-style:normal;font-weight:600\">Architectural Solutions<\/h3>\n\n\n\n<p class=\"has-text-align-left\">Vivez l\u2019exp\u00e9rience de la fusion entre l\u2019imagination et l\u2019expertise avec \u00c9tudes Architectural Solutions.<\/p>\n<\/div>\n<\/div>\n<\/div>\n\n\n\n<div class=\"wp-block-group alignfull has-global-padding is-layout-constrained wp-container-core-group-is-layout-7 wp-block-group-is-layout-constrained\" style=\"margin-top:0;margin-bottom:0;padding-top:var(--wp--preset--spacing--50);padding-right:var(--wp--preset--spacing--50);padding-bottom:var(--wp--preset--spacing--50);padding-left:var(--wp--preset--spacing--50)\">\n<div class=\"wp-block-group alignwide has-global-padding is-layout-constrained wp-container-core-group-is-layout-6 wp-block-group-is-layout-constrained\">\n<div class=\"wp-block-group is-vertical is-content-justification-center is-layout-flex wp-container-core-group-is-layout-5 wp-block-group-is-layout-flex\">\n<h2 class=\"wp-block-heading has-text-align-center is-style-asterisk\">Un tableau de ressources<\/h2>\n\n\n\n<p class=\"has-text-align-center\">Notre suite compl\u00e8te de services professionnels s\u2019adresse \u00e0 une client\u00e8le diversifi\u00e9e, allant des propri\u00e9taires au d\u00e9veloppeurs commerciaux.<\/p>\n<\/div>\n\n\n\n<div style=\"height:var(--wp--preset--spacing--40)\" aria-hidden=\"true\" class=\"wp-block-spacer\"><\/div>\n\n\n\n<div class=\"wp-block-columns alignwide is-layout-flex wp-container-core-columns-is-layout-3 wp-block-columns-is-layout-flex\">\n<div class=\"wp-block-column is-vertically-aligned-center is-layout-flow wp-block-column-is-layout-flow\" style=\"flex-basis:40%\">\n<h3 class=\"wp-block-heading is-style-asterisk\">Application \u00c9tudes Architect<\/h3>\n\n\n\n<ul style=\"line-height:1.75\" class=\"wp-block-list is-style-checkmark-list\">\n<li>Collaborez avec d\u2019autres architectes.<\/li>\n\n\n\n<li>Pr\u00e9sentez vos projets.<\/li>\n\n\n\n<li>D\u00e9couvrez le monde de l\u2019architecture.<\/li>\n<\/ul>\n<\/div>\n\n\n\n<div class=\"wp-block-column is-layout-flow wp-block-column-is-layout-flow\" style=\"flex-basis:50%\">\n<figure class=\"wp-block-image size-large is-style-rounded is-style-rounded--2\"><img decoding=\"async\" src=\"https:\/\/atelier-cilou.fr\/wp-content\/themes\/twentytwentyfour\/assets\/images\/tourist-and-building.webp\" alt=\"Touriste prenant une photo d\u2019un b\u00e2timent.\"\/><\/figure>\n<\/div>\n<\/div>\n\n\n\n<div style=\"height:var(--wp--preset--spacing--40)\" aria-hidden=\"true\" class=\"wp-block-spacer\"><\/div>\n\n\n\n<div class=\"wp-block-columns alignwide is-layout-flex wp-container-core-columns-is-layout-4 wp-block-columns-is-layout-flex\">\n<div class=\"wp-block-column is-layout-flow wp-block-column-is-layout-flow\" style=\"flex-basis:50%\">\n<figure class=\"wp-block-image size-large is-style-rounded is-style-rounded--3\"><img decoding=\"async\" src=\"https:\/\/atelier-cilou.fr\/wp-content\/themes\/twentytwentyfour\/assets\/images\/windows.webp\" alt=\"Les fen\u00eatres d\u2019un b\u00e2timent \u00e0 Nuremberg, Allemagne.\"\/><\/figure>\n<\/div>\n\n\n\n<div class=\"wp-block-column is-vertically-aligned-center is-layout-flow wp-block-column-is-layout-flow\" style=\"flex-basis:40%\">\n<h3 class=\"wp-block-heading is-style-asterisk\">Newsletter \u00c9tudes<\/h3>\n\n\n\n<ul style=\"line-height:1.75\" class=\"wp-block-list is-style-checkmark-list\">\n<li>Un monde d\u2019articles stimulants.<\/li>\n\n\n\n<li>\u00c9tudes de cas qui c\u00e9l\u00e8brent l\u2019architecture.<\/li>\n\n\n\n<li>Acc\u00e8s exclusif aux connaissances en design.<\/li>\n<\/ul>\n<\/div>\n<\/div>\n<\/div>\n<\/div>\n\n\n\n<div class=\"wp-block-group alignfull has-base-color has-contrast-background-color has-text-color has-background has-global-padding is-layout-constrained wp-container-core-group-is-layout-10 wp-block-group-is-layout-constrained\" style=\"margin-top:0;margin-bottom:0;padding-top:var(--wp--preset--spacing--60);padding-right:var(--wp--preset--spacing--60);padding-bottom:var(--wp--preset--spacing--60);padding-left:var(--wp--preset--spacing--60)\">\n<div class=\"wp-block-group has-global-padding is-layout-constrained wp-block-group-is-layout-constrained\">\n<p class=\"has-text-align-center has-base-color has-text-color has-heading-font-family has-x-large-font-size\" style=\"line-height:1.2\">\n\t\t\t<em>\u00ab&nbsp;\u00c9tudes nous a fait gagner des milliers d\u2019heures de travail et a r\u00e9v\u00e9l\u00e9 des perspectives auxquelles nous n\u2019aurions jamais pens\u00e9 possible.&nbsp;\u00bb<\/em>\n\t\t<\/p>\n\n\n\n<div style=\"height:var(--wp--preset--spacing--10)\" aria-hidden=\"true\" class=\"wp-block-spacer\"><\/div>\n\n\n\n<div class=\"wp-block-group is-vertical is-content-justification-center is-nowrap is-layout-flex wp-container-core-group-is-layout-8 wp-block-group-is-layout-flex\">\n\n\n<p class=\"has-text-align-center\" style=\"margin-top:var(--wp--preset--spacing--10);margin-bottom:0\">Annie Steiner<\/p>\n\n\n\n<p class=\"has-text-align-center has-contrast-3-color has-text-color has-small-font-size\" style=\"font-style:normal;font-weight:300\">PDG, Greenprint<\/p>\n<\/div>\n<\/div>\n<\/div>\n\n\n\n<div class=\"wp-block-group alignfull has-global-padding is-layout-constrained wp-container-core-group-is-layout-12 wp-block-group-is-layout-constrained\" style=\"margin-top:0;margin-bottom:0;padding-top:var(--wp--preset--spacing--50);padding-right:var(--wp--preset--spacing--50);padding-bottom:var(--wp--preset--spacing--50);padding-left:var(--wp--preset--spacing--50)\">\n<h2 class=\"wp-block-heading alignwide has-x-large-font-size\" style=\"margin-top:0;margin-bottom:var(--wp--preset--spacing--40);line-height:1\">Regardez, lisez, \u00e9coutez<\/h2>\n\n\n\n<div class=\"wp-block-group alignwide has-global-padding is-layout-constrained wp-block-group-is-layout-constrained\">\n<div class=\"wp-block-query alignwide is-layout-flow wp-block-query-is-layout-flow\">\n\n\n<div style=\"height:var(--wp--preset--spacing--30)\" aria-hidden=\"true\" class=\"wp-block-spacer\"><\/div>\n\n\n\n\n<div class=\"wp-block-query-no-results\">\n\n<p>Aucune publication n\u2019a \u00e9t\u00e9 trouv\u00e9e.<\/p>\n\n<\/div><\/div>\n<\/div>\n<\/div>\n\n\n\n<div class=\"wp-block-group alignfull has-global-padding is-layout-constrained wp-container-core-group-is-layout-14 wp-block-group-is-layout-constrained\" style=\"margin-top:0;margin-bottom:0;padding-top:var(--wp--preset--spacing--50);padding-right:var(--wp--preset--spacing--50);padding-bottom:var(--wp--preset--spacing--50);padding-left:var(--wp--preset--spacing--50)\">\n<div class=\"wp-block-group alignwide has-base-2-background-color has-background has-global-padding is-layout-constrained wp-container-core-group-is-layout-13 wp-block-group-is-layout-constrained\" style=\"border-radius:16px;padding-top:var(--wp--preset--spacing--40);padding-right:var(--wp--preset--spacing--50);padding-bottom:var(--wp--preset--spacing--40);padding-left:var(--wp--preset--spacing--50)\">\n<div style=\"height:var(--wp--preset--spacing--10)\" aria-hidden=\"true\" class=\"wp-block-spacer\"><\/div>\n\n\n\n<h2 class=\"wp-block-heading has-text-align-center has-x-large-font-size\">Rejoignez plus de 900 abonn\u00e9s\/abonn\u00e9es<\/h2>\n\n\n\n<p class=\"has-text-align-center\">Restez au courant de tout ce que vous devez savoir.<\/p>\n\n\n\n<div class=\"wp-block-buttons is-content-justification-center is-layout-flex wp-container-core-buttons-is-layout-1 wp-block-buttons-is-layout-flex\">\n<div class=\"wp-block-button\"><a class=\"wp-block-button__link wp-element-button\">S\u2019inscrire<\/a><\/div>\n<\/div>\n\n\n\n<div style=\"height:var(--wp--preset--spacing--10)\" aria-hidden=\"true\" class=\"wp-block-spacer\"><\/div>\n<\/div>\n<\/div>\n","protected":false},"excerpt":{"rendered":"<p>Qui suis-je ? \u00c9tudes est un cabinet pionnier qui fusionne harmonieusement la cr\u00e9ativit\u00e9 et la fonctionnalit\u00e9 pour red\u00e9finir l\u2019excellence architecturale. Une passion pour la cr\u00e9ation d\u2019espaces Notre gamme compl\u00e8te de services professionnels s\u2019adresse \u00e0 une client\u00e8le diversifi\u00e9e, allant des propri\u00e9taires aux promotrices ou promoteurs commerciaux. R\u00e9novation et restauration D\u00e9couvrez la fusion de l\u2019imagination et de [&hellip;]<\/p>\n","protected":false},"author":1,"featured_media":0,"parent":0,"menu_order":0,"comment_status":"closed","ping_status":"closed","template":"","meta":{"footnotes":""},"class_list":["post-166","page","type-page","status-publish","hentry"],"yoast_head":"<!-- This site is optimized with the Yoast SEO plugin v26.8 - https:\/\/yoast.com\/product\/yoast-seo-wordpress\/ -->\n<title>Pr\u00e9sentation de moi - Atelier Cilou<\/title>\n<meta name=\"robots\" content=\"index, follow, max-snippet:-1, max-image-preview:large, max-video-preview:-1\" \/>\n<link rel=\"canonical\" href=\"https:\/\/ateliercilou79.fr\/index.php\/presentation-de-moi\/\" \/>\n<meta property=\"og:locale\" content=\"fr_FR\" \/>\n<meta property=\"og:type\" content=\"article\" \/>\n<meta property=\"og:title\" content=\"Pr\u00e9sentation de moi - Atelier Cilou\" \/>\n<meta property=\"og:description\" content=\"Qui suis-je ? \u00c9tudes est un cabinet pionnier qui fusionne harmonieusement la cr\u00e9ativit\u00e9 et la fonctionnalit\u00e9 pour red\u00e9finir l\u2019excellence architecturale. Une passion pour la cr\u00e9ation d\u2019espaces Notre gamme compl\u00e8te de services professionnels s\u2019adresse \u00e0 une client\u00e8le diversifi\u00e9e, allant des propri\u00e9taires aux promotrices ou promoteurs commerciaux. R\u00e9novation et restauration D\u00e9couvrez la fusion de l\u2019imagination et de [&hellip;]\" \/>\n<meta property=\"og:url\" content=\"https:\/\/ateliercilou79.fr\/index.php\/presentation-de-moi\/\" \/>\n<meta property=\"og:site_name\" content=\"Atelier Cilou\" \/>\n<meta property=\"article:publisher\" content=\"https:\/\/www.facebook.com\/people\/Atelier-Cilou-79\/61565459256101\/\" \/>\n<meta property=\"og:image\" content=\"https:\/\/atelier-cilou.fr\/wp-content\/themes\/twentytwentyfour\/assets\/images\/building-exterior.webp\" \/>\n<meta name=\"twitter:card\" content=\"summary_large_image\" \/>\n<meta name=\"twitter:label1\" content=\"Dur\u00e9e de lecture estim\u00e9e\" \/>\n\t<meta name=\"twitter:data1\" content=\"1 minute\" \/>\n<script type=\"application\/ld+json\" class=\"yoast-schema-graph\">{\"@context\":\"https:\/\/schema.org\",\"@graph\":[{\"@type\":\"WebPage\",\"@id\":\"https:\/\/ateliercilou79.fr\/index.php\/presentation-de-moi\/\",\"url\":\"https:\/\/ateliercilou79.fr\/index.php\/presentation-de-moi\/\",\"name\":\"Pr\u00e9sentation de moi - Atelier Cilou\",\"isPartOf\":{\"@id\":\"https:\/\/ateliercilou79.fr\/#website\"},\"primaryImageOfPage\":{\"@id\":\"https:\/\/ateliercilou79.fr\/index.php\/presentation-de-moi\/#primaryimage\"},\"image\":{\"@id\":\"https:\/\/ateliercilou79.fr\/index.php\/presentation-de-moi\/#primaryimage\"},\"thumbnailUrl\":\"https:\/\/atelier-cilou.fr\/wp-content\/themes\/twentytwentyfour\/assets\/images\/building-exterior.webp\",\"datePublished\":\"2024-10-25T09:24:46+00:00\",\"breadcrumb\":{\"@id\":\"https:\/\/ateliercilou79.fr\/index.php\/presentation-de-moi\/#breadcrumb\"},\"inLanguage\":\"fr-FR\",\"potentialAction\":[{\"@type\":\"ReadAction\",\"target\":[\"https:\/\/ateliercilou79.fr\/index.php\/presentation-de-moi\/\"]}]},{\"@type\":\"ImageObject\",\"inLanguage\":\"fr-FR\",\"@id\":\"https:\/\/ateliercilou79.fr\/index.php\/presentation-de-moi\/#primaryimage\",\"url\":\"https:\/\/atelier-cilou.fr\/wp-content\/themes\/twentytwentyfour\/assets\/images\/building-exterior.webp\",\"contentUrl\":\"https:\/\/atelier-cilou.fr\/wp-content\/themes\/twentytwentyfour\/assets\/images\/building-exterior.webp\"},{\"@type\":\"BreadcrumbList\",\"@id\":\"https:\/\/ateliercilou79.fr\/index.php\/presentation-de-moi\/#breadcrumb\",\"itemListElement\":[{\"@type\":\"ListItem\",\"position\":1,\"name\":\"Accueil\",\"item\":\"https:\/\/ateliercilou79.fr\/\"},{\"@type\":\"ListItem\",\"position\":2,\"name\":\"Pr\u00e9sentation de moi\"}]},{\"@type\":\"WebSite\",\"@id\":\"https:\/\/ateliercilou79.fr\/#website\",\"url\":\"https:\/\/ateliercilou79.fr\/\",\"name\":\"Atelier Cilou\",\"description\":\"Relooking de meubles et objets tissu\",\"publisher\":{\"@id\":\"https:\/\/ateliercilou79.fr\/#organization\"},\"alternateName\":\"ateliercilou79\",\"potentialAction\":[{\"@type\":\"SearchAction\",\"target\":{\"@type\":\"EntryPoint\",\"urlTemplate\":\"https:\/\/ateliercilou79.fr\/?s={search_term_string}\"},\"query-input\":{\"@type\":\"PropertyValueSpecification\",\"valueRequired\":true,\"valueName\":\"search_term_string\"}}],\"inLanguage\":\"fr-FR\"},{\"@type\":\"Organization\",\"@id\":\"https:\/\/ateliercilou79.fr\/#organization\",\"name\":\"Atelier Cilou\",\"url\":\"https:\/\/ateliercilou79.fr\/\",\"logo\":{\"@type\":\"ImageObject\",\"inLanguage\":\"fr-FR\",\"@id\":\"https:\/\/ateliercilou79.fr\/#\/schema\/logo\/image\/\",\"url\":\"https:\/\/ateliercilou79.fr\/wp-content\/uploads\/2024\/10\/Logo2.png\",\"contentUrl\":\"https:\/\/ateliercilou79.fr\/wp-content\/uploads\/2024\/10\/Logo2.png\",\"width\":153,\"height\":100,\"caption\":\"Atelier Cilou\"},\"image\":{\"@id\":\"https:\/\/ateliercilou79.fr\/#\/schema\/logo\/image\/\"},\"sameAs\":[\"https:\/\/www.facebook.com\/people\/Atelier-Cilou-79\/61565459256101\/\",\"https:\/\/www.instagram.com\/ateliercilou79\/\"]}]}<\/script>\n<!-- \/ Yoast SEO plugin. -->","yoast_head_json":{"title":"Pr\u00e9sentation de moi - Atelier Cilou","robots":{"index":"index","follow":"follow","max-snippet":"max-snippet:-1","max-image-preview":"max-image-preview:large","max-video-preview":"max-video-preview:-1"},"canonical":"https:\/\/ateliercilou79.fr\/index.php\/presentation-de-moi\/","og_locale":"fr_FR","og_type":"article","og_title":"Pr\u00e9sentation de moi - Atelier Cilou","og_description":"Qui suis-je ? \u00c9tudes est un cabinet pionnier qui fusionne harmonieusement la cr\u00e9ativit\u00e9 et la fonctionnalit\u00e9 pour red\u00e9finir l\u2019excellence architecturale. Une passion pour la cr\u00e9ation d\u2019espaces Notre gamme compl\u00e8te de services professionnels s\u2019adresse \u00e0 une client\u00e8le diversifi\u00e9e, allant des propri\u00e9taires aux promotrices ou promoteurs commerciaux. R\u00e9novation et restauration D\u00e9couvrez la fusion de l\u2019imagination et de [&hellip;]","og_url":"https:\/\/ateliercilou79.fr\/index.php\/presentation-de-moi\/","og_site_name":"Atelier Cilou","article_publisher":"https:\/\/www.facebook.com\/people\/Atelier-Cilou-79\/61565459256101\/","og_image":[{"url":"https:\/\/atelier-cilou.fr\/wp-content\/themes\/twentytwentyfour\/assets\/images\/building-exterior.webp","type":"","width":"","height":""}],"twitter_card":"summary_large_image","twitter_misc":{"Dur\u00e9e de lecture estim\u00e9e":"1 minute"},"schema":{"@context":"https:\/\/schema.org","@graph":[{"@type":"WebPage","@id":"https:\/\/ateliercilou79.fr\/index.php\/presentation-de-moi\/","url":"https:\/\/ateliercilou79.fr\/index.php\/presentation-de-moi\/","name":"Pr\u00e9sentation de moi - Atelier Cilou","isPartOf":{"@id":"https:\/\/ateliercilou79.fr\/#website"},"primaryImageOfPage":{"@id":"https:\/\/ateliercilou79.fr\/index.php\/presentation-de-moi\/#primaryimage"},"image":{"@id":"https:\/\/ateliercilou79.fr\/index.php\/presentation-de-moi\/#primaryimage"},"thumbnailUrl":"https:\/\/atelier-cilou.fr\/wp-content\/themes\/twentytwentyfour\/assets\/images\/building-exterior.webp","datePublished":"2024-10-25T09:24:46+00:00","breadcrumb":{"@id":"https:\/\/ateliercilou79.fr\/index.php\/presentation-de-moi\/#breadcrumb"},"inLanguage":"fr-FR","potentialAction":[{"@type":"ReadAction","target":["https:\/\/ateliercilou79.fr\/index.php\/presentation-de-moi\/"]}]},{"@type":"ImageObject","inLanguage":"fr-FR","@id":"https:\/\/ateliercilou79.fr\/index.php\/presentation-de-moi\/#primaryimage","url":"https:\/\/atelier-cilou.fr\/wp-content\/themes\/twentytwentyfour\/assets\/images\/building-exterior.webp","contentUrl":"https:\/\/atelier-cilou.fr\/wp-content\/themes\/twentytwentyfour\/assets\/images\/building-exterior.webp"},{"@type":"BreadcrumbList","@id":"https:\/\/ateliercilou79.fr\/index.php\/presentation-de-moi\/#breadcrumb","itemListElement":[{"@type":"ListItem","position":1,"name":"Accueil","item":"https:\/\/ateliercilou79.fr\/"},{"@type":"ListItem","position":2,"name":"Pr\u00e9sentation de moi"}]},{"@type":"WebSite","@id":"https:\/\/ateliercilou79.fr\/#website","url":"https:\/\/ateliercilou79.fr\/","name":"Atelier Cilou","description":"Relooking de meubles et objets tissu","publisher":{"@id":"https:\/\/ateliercilou79.fr\/#organization"},"alternateName":"ateliercilou79","potentialAction":[{"@type":"SearchAction","target":{"@type":"EntryPoint","urlTemplate":"https:\/\/ateliercilou79.fr\/?s={search_term_string}"},"query-input":{"@type":"PropertyValueSpecification","valueRequired":true,"valueName":"search_term_string"}}],"inLanguage":"fr-FR"},{"@type":"Organization","@id":"https:\/\/ateliercilou79.fr\/#organization","name":"Atelier Cilou","url":"https:\/\/ateliercilou79.fr\/","logo":{"@type":"ImageObject","inLanguage":"fr-FR","@id":"https:\/\/ateliercilou79.fr\/#\/schema\/logo\/image\/","url":"https:\/\/ateliercilou79.fr\/wp-content\/uploads\/2024\/10\/Logo2.png","contentUrl":"https:\/\/ateliercilou79.fr\/wp-content\/uploads\/2024\/10\/Logo2.png","width":153,"height":100,"caption":"Atelier Cilou"},"image":{"@id":"https:\/\/ateliercilou79.fr\/#\/schema\/logo\/image\/"},"sameAs":["https:\/\/www.facebook.com\/people\/Atelier-Cilou-79\/61565459256101\/","https:\/\/www.instagram.com\/ateliercilou79\/"]}]}},"_links":{"self":[{"href":"https:\/\/ateliercilou79.fr\/index.php\/wp-json\/wp\/v2\/pages\/166","targetHints":{"allow":["GET"]}}],"collection":[{"href":"https:\/\/ateliercilou79.fr\/index.php\/wp-json\/wp\/v2\/pages"}],"about":[{"href":"https:\/\/ateliercilou79.fr\/index.php\/wp-json\/wp\/v2\/types\/page"}],"author":[{"embeddable":true,"href":"https:\/\/ateliercilou79.fr\/index.php\/wp-json\/wp\/v2\/users\/1"}],"replies":[{"embeddable":true,"href":"https:\/\/ateliercilou79.fr\/index.php\/wp-json\/wp\/v2\/comments?post=166"}],"version-history":[{"count":1,"href":"https:\/\/ateliercilou79.fr\/index.php\/wp-json\/wp\/v2\/pages\/166\/revisions"}],"predecessor-version":[{"id":167,"href":"https:\/\/ateliercilou79.fr\/index.php\/wp-json\/wp\/v2\/pages\/166\/revisions\/167"}],"wp:attachment":[{"href":"https:\/\/ateliercilou79.fr\/index.php\/wp-json\/wp\/v2\/media?parent=166"}],"curies":[{"name":"wp","href":"https:\/\/api.w.org\/{rel}","templated":true}]}}